{"id":60,"date":"2026-03-10T20:08:34","date_gmt":"2026-03-10T20:08:34","guid":{"rendered":"https:\/\/centrumbaza.info\/?page_id=60"},"modified":"2026-04-12T13:00:04","modified_gmt":"2026-04-12T13:00:04","slug":"poznaj-nasz-zespol","status":"publish","type":"page","link":"https:\/\/centrumbaza.info\/index.php\/poznaj-nasz-zespol\/","title":{"rendered":"Poznaj nasz zesp\u00f3\u0142"},"content":{"rendered":"\n<div class=\"wp-block-group alignfull has-ast-global-color-5-background-color has-background is-layout-constrained wp-container-core-group-is-layout-9cedb757 wp-block-group-is-layout-constrained\" style=\"padding-bottom:0px\">\n<div class=\"wp-block-columns are-vertically-aligned-top is-layout-flex wp-container-core-columns-is-layout-00723822 wp-block-columns-is-layout-flex\">\n<div class=\"wp-block-column is-vertically-aligned-top is-layout-flow wp-container-core-column-is-layout-6b73ce23 wp-block-column-is-layout-flow\">\n<figure class=\"wp-block-image size-full\"><img loading=\"lazy\" decoding=\"async\" width=\"512\" height=\"512\" src=\"https:\/\/centrumbaza.info\/wp-content\/uploads\/2026\/04\/B.png\" alt=\"\" class=\"wp-image-91\" srcset=\"https:\/\/centrumbaza.info\/wp-content\/uploads\/2026\/04\/B.png 512w, https:\/\/centrumbaza.info\/wp-content\/uploads\/2026\/04\/B-300x300.png 300w, https:\/\/centrumbaza.info\/wp-content\/uploads\/2026\/04\/B-150x150.png 150w\" sizes=\"auto, (max-width: 512px) 100vw, 512px\" \/><\/figure>\n\n\n\n<h3 class=\"wp-block-heading has-text-align-left\" style=\"margin-top:16px\">Psycholog dzieci i m\u0142odzie\u017cy<\/h3>\n\n\n\n<p class=\"has-text-align-left\">Wspieramy m\u0142odych ludzi w radzeniu sobie z trudno\u015bciami emocjonalnymi, l\u0119kami i wyzwaniami. Nasz psycholog dzieci\u0119cy to bezpieczny port dla Twojego dziecka \u2013 pomagamy budowa\u0107 poczucie w\u0142asnej warto\u015bci, pracujemy nad relacjami r\u00f3wie\u015bniczymi i oferujemy profesjonaln\u0105 pomoc psychologiczn\u0105 dostosowan\u0105 do wieku rozwojowego.<\/p>\n<\/div>\n\n\n\n<div class=\"wp-block-column is-vertically-aligned-top is-layout-flow wp-container-core-column-is-layout-6b73ce23 wp-block-column-is-layout-flow\">\n<figure class=\"wp-block-image size-full\"><img loading=\"lazy\" decoding=\"async\" width=\"512\" height=\"512\" src=\"http:\/\/centrumbaza.info\/wp-content\/uploads\/2026\/01\/cropped-Log-1-1.png\" alt=\"\" class=\"wp-image-44\" srcset=\"https:\/\/centrumbaza.info\/wp-content\/uploads\/2026\/01\/cropped-Log-1-1.png 512w, https:\/\/centrumbaza.info\/wp-content\/uploads\/2026\/01\/cropped-Log-1-1-300x300.png 300w, https:\/\/centrumbaza.info\/wp-content\/uploads\/2026\/01\/cropped-Log-1-1-150x150.png 150w, https:\/\/centrumbaza.info\/wp-content\/uploads\/2026\/01\/cropped-Log-1-1-270x270.png 270w, https:\/\/centrumbaza.info\/wp-content\/uploads\/2026\/01\/cropped-Log-1-1-192x192.png 192w, https:\/\/centrumbaza.info\/wp-content\/uploads\/2026\/01\/cropped-Log-1-1-180x180.png 180w, https:\/\/centrumbaza.info\/wp-content\/uploads\/2026\/01\/cropped-Log-1-1-32x32.png 32w\" sizes=\"auto, (max-width: 512px) 100vw, 512px\" \/><\/figure>\n\n\n\n<h3 class=\"wp-block-heading has-text-align-left\" style=\"margin-top:16px\">Logopeda \/ Neurologopeda<\/h3>\n\n\n\n<p class=\"has-text-align-left\">Nasz logopeda prowadzi skuteczn\u0105 terapi\u0119 mowy, koryguj\u0105c wady wymowy oraz wspieraj\u0105c dzieci z op\u00f3\u017anionym rozwojem mowy. Poprzez zabaw\u0119 i specjalistyczne \u0107wiczenia dbamy o to, by ka\u017cde s\u0142owo sprawia\u0142o Twojemu dziecku rado\u015b\u0107, a nie trudno\u015b\u0107.<\/p>\n<\/div>\n\n\n\n<div class=\"wp-block-column is-vertically-aligned-top is-layout-flow wp-container-core-column-is-layout-6b73ce23 wp-block-column-is-layout-flow\">\n<figure class=\"wp-block-image size-full\"><img loading=\"lazy\" decoding=\"async\" width=\"512\" height=\"512\" src=\"https:\/\/centrumbaza.info\/wp-content\/uploads\/2026\/04\/C.png\" alt=\"\" class=\"wp-image-93\" srcset=\"https:\/\/centrumbaza.info\/wp-content\/uploads\/2026\/04\/C.png 512w, https:\/\/centrumbaza.info\/wp-content\/uploads\/2026\/04\/C-300x300.png 300w, https:\/\/centrumbaza.info\/wp-content\/uploads\/2026\/04\/C-150x150.png 150w\" sizes=\"auto, (max-width: 512px) 100vw, 512px\" \/><\/figure>\n\n\n\n<h3 class=\"wp-block-heading has-text-align-left\" style=\"margin-top:16px\">Dietetyk<\/h3>\n\n\n\n<p class=\"has-text-align-left\">Nasz dietetyk dla dzieci pomaga oswoi\u0107 wybi\u00f3rczo\u015b\u0107 pokarmow\u0105, wspiera w walce z nadwag\u0105 i uk\u0142ada jad\u0142ospisy sprzyjaj\u0105ce koncentracji. Uczymy ca\u0142e rodziny, jak wprowadza\u0107 zdrowe nawyki \u017cywieniowe bez stresu i presji przy stole.<\/p>\n<\/div>\n<\/div>\n\n\n\n<div class=\"wp-block-buttons is-content-justification-center is-layout-flex wp-container-core-buttons-is-layout-a89b3969 wp-block-buttons-is-layout-flex\"><\/div>\n<\/div>\n\n\n\n<div class=\"wp-block-buttons is-content-justification-center is-layout-flex wp-container-core-buttons-is-layout-a89b3969 wp-block-buttons-is-layout-flex\">\n<div class=\"wp-block-button\"><a class=\"wp-block-button__link wp-element-button\">Jeste\u015bmy tu, aby Ci pom\u00f3c &#8211; um\u00f3w wizyt\u0119<\/a><\/div>\n<\/div>\n\n\n\n<p><\/p>\n","protected":false},"excerpt":{"rendered":"<p>Psycholog dzieci i m\u0142odzie\u017cy Wspieramy m\u0142odych ludzi w radzeniu sobie z trudno\u015bciami emocjonalnymi, l\u0119kami i wyzwaniami. Nasz psycholog dzieci\u0119cy to [&hellip;]<\/p>\n","protected":false},"author":1,"featured_media":0,"parent":0,"menu_order":0,"comment_status":"closed","ping_status":"closed","template":"","meta":{"site-sidebar-layout":"default","site-content-layout":"","ast-site-content-layout":"full-width-container","site-content-style":"default","site-sidebar-style":"default","ast-global-header-display":"","ast-banner-title-visibility":"","ast-main-header-display":"","ast-hfb-above-header-display":"","ast-hfb-below-header-display":"","ast-hfb-mobile-header-display":"","site-post-title":"disabled","ast-breadcrumbs-content":"","ast-featured-img":"","footer-sml-layout":"","ast-disable-related-posts":"","theme-transparent-header-meta":"default","adv-header-id-meta":"","stick-header-meta":"","header-above-stick-meta":"","header-main-stick-meta":"","header-below-stick-meta":"","astra-migrate-meta-layouts":"default","ast-page-background-enabled":"default","ast-page-background-meta":{"desktop":{"background-color":"var(--ast-global-color-5)","background-image":"","background-repeat":"repeat","background-position":"center center","background-size":"auto","background-attachment":"scroll","background-type":"","background-media":"","overlay-type":"","overlay-color":"","overlay-opacity":"","overlay-gradient":""},"tablet":{"background-color":"","background-image":"","background-repeat":"repeat","background-position":"center center","background-size":"auto","background-attachment":"scroll","background-type":"","background-media":"","overlay-type":"","overlay-color":"","overlay-opacity":"","overlay-gradient":""},"mobile":{"background-color":"","background-image":"","background-repeat":"repeat","background-position":"center center","background-size":"auto","background-attachment":"scroll","background-type":"","background-media":"","overlay-type":"","overlay-color":"","overlay-opacity":"","overlay-gradient":""}},"ast-content-background-meta":{"desktop":{"background-color":"var(--ast-global-color-4)","background-image":"","background-repeat":"repeat","background-position":"center center","background-size":"auto","background-attachment":"scroll","background-type":"","background-media":"","overlay-type":"","overlay-color":"","overlay-opacity":"","overlay-gradient":""},"tablet":{"background-color":"var(--ast-global-color-4)","background-image":"","background-repeat":"repeat","background-position":"center center","background-size":"auto","background-attachment":"scroll","background-type":"","background-media":"","overlay-type":"","overlay-color":"","overlay-opacity":"","overlay-gradient":""},"mobile":{"background-color":"var(--ast-global-color-4)","background-image":"","background-repeat":"repeat","background-position":"center center","background-size":"auto","background-attachment":"scroll","background-type":"","background-media":"","overlay-type":"","overlay-color":"","overlay-opacity":"","overlay-gradient":""}},"footnotes":""},"class_list":["post-60","page","type-page","status-publish","hentry"],"_links":{"self":[{"href":"https:\/\/centrumbaza.info\/index.php\/wp-json\/wp\/v2\/pages\/60","targetHints":{"allow":["GET"]}}],"collection":[{"href":"https:\/\/centrumbaza.info\/index.php\/wp-json\/wp\/v2\/pages"}],"about":[{"href":"https:\/\/centrumbaza.info\/index.php\/wp-json\/wp\/v2\/types\/page"}],"author":[{"embeddable":true,"href":"https:\/\/centrumbaza.info\/index.php\/wp-json\/wp\/v2\/users\/1"}],"replies":[{"embeddable":true,"href":"https:\/\/centrumbaza.info\/index.php\/wp-json\/wp\/v2\/comments?post=60"}],"version-history":[{"count":5,"href":"https:\/\/centrumbaza.info\/index.php\/wp-json\/wp\/v2\/pages\/60\/revisions"}],"predecessor-version":[{"id":94,"href":"https:\/\/centrumbaza.info\/index.php\/wp-json\/wp\/v2\/pages\/60\/revisions\/94"}],"wp:attachment":[{"href":"https:\/\/centrumbaza.info\/index.php\/wp-json\/wp\/v2\/media?parent=60"}],"curies":[{"name":"wp","href":"https:\/\/api.w.org\/{rel}","templated":true}]}}