{"id":62,"date":"2026-03-10T20:22:37","date_gmt":"2026-03-10T20:22:37","guid":{"rendered":"https:\/\/centrumbaza.info\/?page_id=62"},"modified":"2026-04-12T12:53:03","modified_gmt":"2026-04-12T12:53:03","slug":"cennik","status":"publish","type":"page","link":"https:\/\/centrumbaza.info\/index.php\/cennik\/","title":{"rendered":"Cennik"},"content":{"rendered":"\n<div class=\"wp-block-group alignfull has-ast-global-color-5-background-color has-background is-layout-constrained wp-container-core-group-is-layout-94d206d0 wp-block-group-is-layout-constrained\" id=\"about\" style=\"padding-top:143px;padding-bottom:144px\">\n<div class=\"wp-block-media-text has-media-on-the-right is-stacked-on-mobile is-vertically-aligned-center\" style=\"grid-template-columns:auto 28%\"><div class=\"wp-block-media-text__content\">\n<div class=\"inherit-container-width wp-block-group is-layout-constrained wp-container-core-group-is-layout-47ce07ec wp-block-group-is-layout-constrained\" style=\"padding-right:80px\">\n<h2 class=\"wp-block-heading\" style=\"padding-right:40px\">Cennik<\/h2>\n\n\n\n<p>Dbamy o pe\u0142n\u0105 przejrzysto\u015b\u0107 wsp\u00f3\u0142pracy z rodzicami, dlatego nasze ceny s\u0105 zawsze jasne i dost\u0119pne w jednym miejscu. Poni\u017cej znajduje si\u0119 aktualny cennik wsparcia psychologicznego, logopedycznego i dietetycznego, kt\u00f3ry pomo\u017ce Ci zaplanowa\u0107 \u015bcie\u017ck\u0119 rozwoju Twojego dziecka w naszym centrum w Prze\u017amierowie.<\/p>\n\n\n\n<hr class=\"wp-block-separator has-alpha-channel-opacity\"\/>\n<\/div>\n\n\n\n<figure class=\"wp-block-table\"><table><tbody><tr><td><strong>Us\u0142uga <\/strong><\/td><td><strong>Cena (PLN)<\/strong><\/td><\/tr><tr><td><strong>PAKIETY DIAGNOSTYCZNE ZABURZE\u0143 NEUROROZWOJOWYCH<\/strong><\/td><td>&#8211;<\/td><\/tr><tr><td><strong>PAKIET: Diagnoza Spektrum Autyzmu<\/strong><br>Najrzetelniejsza \u015bcie\u017cka diagnostyczna dla dzieci i m\u0142odzie\u017cy:<br>ADI-R \u2013 pog\u0142\u0119biony wywiad kliniczny z rodzicami (historia rozwoju).<br>ADOS-2 \u2013 protok\u00f3\u0142 obserwacji klinicznej (badanie bezpo\u015brednie).<br>ASRS \u2013 wielowymiarowa ocena zachowa\u0144 w domu i plac\u00f3wce.<br>Analiza Zespo\u0142owa + Opinia \u2013 szczeg\u00f3\u0142owy raport<\/td><td>2500<\/td><\/tr><tr><td><strong>PAKIET: Diagnoza ADHD<\/strong><br>EXAT \u2013 zaawansowany test komputerowy\u00a0<br>Conners 3 \u2013 pe\u0142ny zestaw kwestionariuszy (rodzic + dziecko +\u00a0 nauczyciel).<br>Wywiad<br>Raport Diagnostyczny\u00a0<\/td><td>1200<\/td><\/tr><tr><td><strong>PAKIET: Diagnoza R\u00f3\u017cnicowa (ASD + ADHD)<\/strong><br>Dla rodzic\u00f3w szukaj\u0105cych pe\u0142nej odpowiedzi na trudno\u015bci rozwojowe dziecka.<br>Pe\u0142na \u015bcie\u017cka ASD (ADI-R + ADOS-2 + ASRS).<br>Rozszerzenie o diagnoz\u0119 ADHD (EXAT + Conners 3).<br>Kompleksowa opinia r\u00f3\u017cnicowa okre\u015blaj\u0105ca wsp\u00f3\u0142wyst\u0119powanie zaburze\u0144.<\/td><td>3400<\/td><\/tr><tr><td><strong>PSYCHOLOG<\/strong><\/td><td><strong>&#8211;<\/strong><\/td><\/tr><tr><td>Konsultacja psychologiczna (wywiad wst\u0119pny z rodzicem) (50 min)<\/td><td>220<\/td><\/tr><tr><td>Badanie inteligencji SB5 (Stanford-Binet 5 + pe\u0142na opinia)<\/td><td>1000<\/td><\/tr><tr><td>Wsparcie psychologiczne dzieci i m\u0142odzie\u017cy <\/td><td>200<\/td><\/tr><tr><td>Konsultacja rodzicielska<\/td><td>220<\/td><\/tr><tr><td>Pisemna opinia\/opis po standardowej konsultacji<\/td><td>200<\/td><\/tr><tr><td><strong>LOGOPEDA<\/strong><\/td><td>&#8211;<\/td><\/tr><tr><td>Konsultacja logopedyczna (pierwsza) \/ diagnoza<\/td><td>180<\/td><\/tr><tr><td>Terapia logopedyczna &#8211; 30 min<\/td><td>90<\/td><\/tr><tr><td>Terapia logopedyczna &#8211; 45 min<\/td><td>120<\/td><\/tr><tr><td><strong>DIETETYK KLINICZNY<\/strong><\/td><td><strong>&#8211;<\/strong><\/td><\/tr><tr><td>Konsultacja dietetyczna<\/td><td>220<\/td><\/tr><tr><td>Analiza i plan \u017cywienia<\/td><td>300<\/td><\/tr><\/tbody><\/table><\/figure>\n\n\n\n<p><em>Je\u015bli masz pytania dotycz\u0105ce wyboru odpowiedniego pakietu skontaktuj si\u0119 z nami &#8211; ch\u0119tnie doradzimy najlepsz\u0105 form\u0119 wsparcia dla Twojej rodziny<\/em>.<\/p>\n<\/div><figure class=\"wp-block-media-text__media\"><img loading=\"lazy\" decoding=\"async\" width=\"511\" height=\"1024\" src=\"https:\/\/centrumbaza.info\/wp-content\/uploads\/2026\/03\/Side-511x1024.png\" alt=\"\" class=\"wp-image-67 size-full\" srcset=\"https:\/\/centrumbaza.info\/wp-content\/uploads\/2026\/03\/Side-511x1024.png 511w, https:\/\/centrumbaza.info\/wp-content\/uploads\/2026\/03\/Side-150x300.png 150w, https:\/\/centrumbaza.info\/wp-content\/uploads\/2026\/03\/Side-768x1539.png 768w, https:\/\/centrumbaza.info\/wp-content\/uploads\/2026\/03\/Side-766x1536.png 766w, https:\/\/centrumbaza.info\/wp-content\/uploads\/2026\/03\/Side-1022x2048.png 1022w, https:\/\/centrumbaza.info\/wp-content\/uploads\/2026\/03\/Side.png 1142w\" sizes=\"auto, (max-width: 511px) 100vw, 511px\" \/><\/figure><\/div>\n<\/div>\n\n\n\n<p><\/p>\n","protected":false},"excerpt":{"rendered":"<p>Cennik Dbamy o pe\u0142n\u0105 przejrzysto\u015b\u0107 wsp\u00f3\u0142pracy z rodzicami, dlatego nasze ceny s\u0105 zawsze jasne i dost\u0119pne w jednym miejscu. Poni\u017cej [&hellip;]<\/p>\n","protected":false},"author":1,"featured_media":0,"parent":0,"menu_order":0,"comment_status":"closed","ping_status":"closed","template":"","meta":{"site-sidebar-layout":"default","site-content-layout":"","ast-site-content-layout":"full-width-container","site-content-style":"default","site-sidebar-style":"default","ast-global-header-display":"","ast-banner-title-visibility":"","ast-main-header-display":"","ast-hfb-above-header-display":"","ast-hfb-below-header-display":"","ast-hfb-mobile-header-display":"","site-post-title":"disabled","ast-breadcrumbs-content":"","ast-featured-img":"","footer-sml-layout":"","ast-disable-related-posts":"","theme-transparent-header-meta":"","adv-header-id-meta":"","stick-header-meta":"","header-above-stick-meta":"","header-main-stick-meta":"","header-below-stick-meta":"","astra-migrate-meta-layouts":"default","ast-page-background-enabled":"default","ast-page-background-meta":{"desktop":{"background-color":"var(--ast-global-color-5)","background-image":"","background-repeat":"repeat","background-position":"center center","background-size":"auto","background-attachment":"scroll","background-type":"","background-media":"","overlay-type":"","overlay-color":"","overlay-opacity":"","overlay-gradient":""},"tablet":{"background-color":"","background-image":"","background-repeat":"repeat","background-position":"center center","background-size":"auto","background-attachment":"scroll","background-type":"","background-media":"","overlay-type":"","overlay-color":"","overlay-opacity":"","overlay-gradient":""},"mobile":{"background-color":"","background-image":"","background-repeat":"repeat","background-position":"center center","background-size":"auto","background-attachment":"scroll","background-type":"","background-media":"","overlay-type":"","overlay-color":"","overlay-opacity":"","overlay-gradient":""}},"ast-content-background-meta":{"desktop":{"background-color":"var(--ast-global-color-4)","background-image":"","background-repeat":"repeat","background-position":"center center","background-size":"auto","background-attachment":"scroll","background-type":"","background-media":"","overlay-type":"","overlay-color":"","overlay-opacity":"","overlay-gradient":""},"tablet":{"background-color":"var(--ast-global-color-4)","background-image":"","background-repeat":"repeat","background-position":"center center","background-size":"auto","background-attachment":"scroll","background-type":"","background-media":"","overlay-type":"","overlay-color":"","overlay-opacity":"","overlay-gradient":""},"mobile":{"background-color":"var(--ast-global-color-4)","background-image":"","background-repeat":"repeat","background-position":"center center","background-size":"auto","background-attachment":"scroll","background-type":"","background-media":"","overlay-type":"","overlay-color":"","overlay-opacity":"","overlay-gradient":""}},"footnotes":""},"class_list":["post-62","page","type-page","status-publish","hentry"],"_links":{"self":[{"href":"https:\/\/centrumbaza.info\/index.php\/wp-json\/wp\/v2\/pages\/62","targetHints":{"allow":["GET"]}}],"collection":[{"href":"https:\/\/centrumbaza.info\/index.php\/wp-json\/wp\/v2\/pages"}],"about":[{"href":"https:\/\/centrumbaza.info\/index.php\/wp-json\/wp\/v2\/types\/page"}],"author":[{"embeddable":true,"href":"https:\/\/centrumbaza.info\/index.php\/wp-json\/wp\/v2\/users\/1"}],"replies":[{"embeddable":true,"href":"https:\/\/centrumbaza.info\/index.php\/wp-json\/wp\/v2\/comments?post=62"}],"version-history":[{"count":6,"href":"https:\/\/centrumbaza.info\/index.php\/wp-json\/wp\/v2\/pages\/62\/revisions"}],"predecessor-version":[{"id":90,"href":"https:\/\/centrumbaza.info\/index.php\/wp-json\/wp\/v2\/pages\/62\/revisions\/90"}],"wp:attachment":[{"href":"https:\/\/centrumbaza.info\/index.php\/wp-json\/wp\/v2\/media?parent=62"}],"curies":[{"name":"wp","href":"https:\/\/api.w.org\/{rel}","templated":true}]}}