{"id":7,"date":"2026-01-25T17:39:12","date_gmt":"2026-01-25T17:39:12","guid":{"rendered":"https:\/\/centrumbaza.info\/?page_id=7"},"modified":"2026-04-18T16:23:38","modified_gmt":"2026-04-18T16:23:38","slug":"home","status":"publish","type":"page","link":"https:\/\/centrumbaza.info\/","title":{"rendered":"Home"},"content":{"rendered":"\n<div class=\"wp-block-cover alignfull wp-duotone-unset-1\" style=\"min-height:720px;aspect-ratio:unset;\"><span aria-hidden=\"true\" class=\"wp-block-cover__background has-background-dim-100 has-background-dim has-background-gradient\" style=\"background:linear-gradient(135deg,rgb(112,100,169) 0%,rgb(191,182,233) 100%)\"><\/span><div class=\"wp-block-cover__inner-container is-layout-flow wp-block-cover-is-layout-flow\">\n<div class=\"inherit-container-width wp-block-group alignwide is-layout-constrained wp-block-group-is-layout-constrained\">\n<div class=\"wp-block-media-text alignwide has-media-on-the-right is-stacked-on-mobile is-vertically-aligned-center\" style=\"grid-template-columns:auto 43%\"><div class=\"wp-block-media-text__content\">\n<h1 class=\"wp-block-heading has-text-align-left has-white-color has-text-color\">Centrum Baza<\/h1>\n\n\n\n<p class=\"has-white-color has-text-color\">Kompleksowa diagnoza i terapia dzieci w Prze\u017amierowie (oraz online) &#8211;<br>Wspieramy rozw\u00f3j Twojego dziecka na ka\u017cdym etapie.<\/p>\n\n\n\n<div class=\"wp-block-buttons is-layout-flex wp-block-buttons-is-layout-flex\">\n<div class=\"wp-block-button\"><a class=\"wp-block-button__link wp-element-button\" href=\"https:\/\/centrumbaza.info\/index.php\/umow-wizyte\/\">Um\u00f3w wizyt\u0119<\/a><\/div>\n<\/div>\n<\/div><figure class=\"wp-block-media-text__media\"><img loading=\"lazy\" decoding=\"async\" width=\"1024\" height=\"579\" src=\"http:\/\/centrumbaza.info\/wp-content\/uploads\/2026\/01\/White-Logo-1024x579.png\" alt=\"Centrum Baza\" class=\"wp-image-29 size-full\" srcset=\"https:\/\/centrumbaza.info\/wp-content\/uploads\/2026\/01\/White-Logo-1024x579.png 1024w, https:\/\/centrumbaza.info\/wp-content\/uploads\/2026\/01\/White-Logo-300x170.png 300w, https:\/\/centrumbaza.info\/wp-content\/uploads\/2026\/01\/White-Logo-768x434.png 768w, https:\/\/centrumbaza.info\/wp-content\/uploads\/2026\/01\/White-Logo-1536x868.png 1536w, https:\/\/centrumbaza.info\/wp-content\/uploads\/2026\/01\/White-Logo.png 1827w\" sizes=\"auto, (max-width: 1024px) 100vw, 1024px\" \/><\/figure><\/div>\n<\/div>\n<\/div><\/div>\n\n\n\n<div class=\"wp-block-group alignfull has-ast-global-color-5-background-color has-background is-layout-constrained wp-container-core-group-is-layout-9cedb757 wp-block-group-is-layout-constrained\" style=\"padding-bottom:0px\">\n<div class=\"wp-block-columns are-vertically-aligned-top is-layout-flex wp-container-core-columns-is-layout-00723822 wp-block-columns-is-layout-flex\">\n<div class=\"wp-block-column is-vertically-aligned-top is-layout-flow wp-container-core-column-is-layout-6b73ce23 wp-block-column-is-layout-flow\">\n<h3 class=\"wp-block-heading has-text-align-left\" style=\"margin-top:16px\">Psycholog dzieci i m\u0142odzie\u017cy<\/h3>\n\n\n\n<p class=\"has-text-align-left\">Wspieramy m\u0142odych ludzi w radzeniu sobie z trudno\u015bciami emocjonalnymi, l\u0119kami i wyzwaniami. Nasz psycholog dzieci\u0119cy to bezpieczny port dla Twojego dziecka \u2013 pomagamy budowa\u0107 poczucie w\u0142asnej warto\u015bci, pracujemy nad relacjami r\u00f3wie\u015bniczymi i oferujemy profesjonaln\u0105 pomoc psychologiczn\u0105 dostosowan\u0105 do wieku rozwojowego.<\/p>\n<\/div>\n\n\n\n<div class=\"wp-block-column is-vertically-aligned-top is-layout-flow wp-container-core-column-is-layout-6b73ce23 wp-block-column-is-layout-flow\">\n<h3 class=\"wp-block-heading has-text-align-left\" style=\"margin-top:16px\">Logopeda \/ Neurologopeda<\/h3>\n\n\n\n<p class=\"has-text-align-left\">Nasz logopeda prowadzi skuteczn\u0105 terapi\u0119 mowy, koryguj\u0105c wady wymowy oraz wspieraj\u0105c dzieci z op\u00f3\u017anionym rozwojem mowy. Poprzez zabaw\u0119 i specjalistyczne \u0107wiczenia dbamy o to, by ka\u017cde s\u0142owo sprawia\u0142o Twojemu dziecku rado\u015b\u0107, a nie trudno\u015b\u0107.<\/p>\n<\/div>\n\n\n\n<div class=\"wp-block-column is-vertically-aligned-top is-layout-flow wp-container-core-column-is-layout-6b73ce23 wp-block-column-is-layout-flow\">\n<h3 class=\"wp-block-heading has-text-align-left\" style=\"margin-top:16px\">Dietetyk<\/h3>\n\n\n\n<p class=\"has-text-align-left\">Nasz dietetyk dla dzieci pomaga oswoi\u0107 wybi\u00f3rczo\u015b\u0107 pokarmow\u0105, wspiera w walce z nadwag\u0105 i uk\u0142ada jad\u0142ospisy sprzyjaj\u0105ce koncentracji. Uczymy ca\u0142e rodziny, jak wprowadza\u0107 zdrowe nawyki \u017cywieniowe bez stresu i presji przy stole.<\/p>\n<\/div>\n<\/div>\n\n\n\n<div class=\"wp-block-buttons is-content-justification-center is-layout-flex wp-container-core-buttons-is-layout-a89b3969 wp-block-buttons-is-layout-flex\">\n<div class=\"wp-block-button\"><a class=\"wp-block-button__link wp-element-button\" href=\"https:\/\/centrumbaza.info\/index.php\/poznaj-nasz-zespol\/\">Poznaj naszych specjalist\u00f3w<\/a><\/div>\n<\/div>\n<\/div>\n\n\n\n<h2 class=\"wp-block-heading\">Jak dzia\u0142amy?<\/h2>\n\n\n\n<div class=\"wp-block-columns is-layout-flex wp-container-core-columns-is-layout-60cbf9bb wp-block-columns-is-layout-flex\" style=\"margin-top:50px\">\n<div class=\"wp-block-column is-layout-flow wp-container-core-column-is-layout-6b73ce23 wp-block-column-is-layout-flow\">\n<figure class=\"wp-block-image size-full\"><img loading=\"lazy\" decoding=\"async\" width=\"1142\" height=\"1211\" src=\"https:\/\/centrumbaza.info\/wp-content\/uploads\/2026\/03\/Konsultacja.png\" alt=\"\" class=\"wp-image-50\" srcset=\"https:\/\/centrumbaza.info\/wp-content\/uploads\/2026\/03\/Konsultacja.png 1142w, https:\/\/centrumbaza.info\/wp-content\/uploads\/2026\/03\/Konsultacja-283x300.png 283w, https:\/\/centrumbaza.info\/wp-content\/uploads\/2026\/03\/Konsultacja-966x1024.png 966w, https:\/\/centrumbaza.info\/wp-content\/uploads\/2026\/03\/Konsultacja-768x814.png 768w\" sizes=\"auto, (max-width: 1142px) 100vw, 1142px\" \/><\/figure>\n\n\n\n<h3 class=\"wp-block-heading\" style=\"margin-top:16px\">Konsultacja<\/h3>\n\n\n\n<p>Skupiamy si\u0119 na wys\u0142uchaniu Waszej historii, nazwaniu trudno\u015bci oraz okre\u015bleniu cel\u00f3w, kt\u00f3re chcemy wsp\u00f3lnie osi\u0105gn\u0105\u0107. Jako rodzic otrzymasz od nas wsparcie w zrozumieniu mechanizm\u00f3w zachowania dziecka. To moment, w kt\u00f3rym przestajesz by\u0107 sam ze swoimi obawami \u2013 stajemy si\u0119 partnerami w dbaniu o dobrostan Twojej pociechy.<\/p>\n<\/div>\n\n\n\n<div class=\"wp-block-column is-layout-flow wp-container-core-column-is-layout-6b73ce23 wp-block-column-is-layout-flow\">\n<figure class=\"wp-block-image size-full\"><img loading=\"lazy\" decoding=\"async\" width=\"1142\" height=\"1211\" src=\"https:\/\/centrumbaza.info\/wp-content\/uploads\/2026\/03\/Diagnoza.png\" alt=\"\" class=\"wp-image-51\" srcset=\"https:\/\/centrumbaza.info\/wp-content\/uploads\/2026\/03\/Diagnoza.png 1142w, https:\/\/centrumbaza.info\/wp-content\/uploads\/2026\/03\/Diagnoza-283x300.png 283w, https:\/\/centrumbaza.info\/wp-content\/uploads\/2026\/03\/Diagnoza-966x1024.png 966w, https:\/\/centrumbaza.info\/wp-content\/uploads\/2026\/03\/Diagnoza-768x814.png 768w\" sizes=\"auto, (max-width: 1142px) 100vw, 1142px\" \/><\/figure>\n\n\n\n<h3 class=\"wp-block-heading\" style=\"margin-top:16px\">Diagnoza<\/h3>\n\n\n\n<p>Nasz rozbudowany pakiet diagnostyczny to co\u015b wi\u0119cej ni\u017c zestaw test\u00f3w \u2013 to g\u0142\u0119boka analiza funkcjonowania dziecka w kontek\u015bcie jego codzienno\u015bci. Kluczowym elementem tego etapu jest om\u00f3wienie wynik\u00f3w z rodzicami: przekazujemy konkretne wskaz\u00f3wki, jak wspiera\u0107 dziecko w domu i szkole. Diagnoza daje Wam spok\u00f3j p\u0142yn\u0105cy z wiedzy oraz jasne wskaz\u00f3wki dla ca\u0142ej rodziny.<\/p>\n<\/div>\n\n\n\n<div class=\"wp-block-column is-layout-flow wp-container-core-column-is-layout-6b73ce23 wp-block-column-is-layout-flow\">\n<figure class=\"wp-block-image size-full\"><img loading=\"lazy\" decoding=\"async\" width=\"1142\" height=\"1211\" src=\"https:\/\/centrumbaza.info\/wp-content\/uploads\/2026\/03\/Terapia.png\" alt=\"\" class=\"wp-image-52\" srcset=\"https:\/\/centrumbaza.info\/wp-content\/uploads\/2026\/03\/Terapia.png 1142w, https:\/\/centrumbaza.info\/wp-content\/uploads\/2026\/03\/Terapia-283x300.png 283w, https:\/\/centrumbaza.info\/wp-content\/uploads\/2026\/03\/Terapia-966x1024.png 966w, https:\/\/centrumbaza.info\/wp-content\/uploads\/2026\/03\/Terapia-768x814.png 768w\" sizes=\"auto, (max-width: 1142px) 100vw, 1142px\" \/><\/figure>\n\n\n\n<h3 class=\"wp-block-heading\" style=\"margin-top:16px\">Terapia<\/h3>\n\n\n\n<p>Nasza terapia to przede wszystkim bezpieczna przestrze\u0144, w kt\u00f3rej dbamy o dobrostan dziecka i spok\u00f3j ca\u0142ej rodziny. Rozumiemy, \u017ce ka\u017cde wyzwanie wymaga indywidualnego podej\u015bcia, dlatego nasi specjali\u015bci\u2013 wspieraj\u0105 Was na ka\u017cdym etapie tej drogi, oferuj\u0105c wiedz\u0119 i realn\u0105 pomoc. <\/p>\n<\/div>\n<\/div>\n\n\n\n<p class=\"has-text-align-center\">Poznaj nasz cennik i wybierz odpowiednie dla Was wsparcie. <br>W jednym miejscu zebrali\u015bmy informacje o kosztach us\u0142ug psychologicznych, logopedycznych oraz dietetycznych.<\/p>\n\n\n\n<div class=\"wp-block-buttons is-content-justification-center is-layout-flex wp-container-core-buttons-is-layout-a89b3969 wp-block-buttons-is-layout-flex\">\n<div class=\"wp-block-button\"><a class=\"wp-block-button__link wp-element-button\" href=\"https:\/\/centrumbaza.info\/index.php\/cennik\/\">Cennik<\/a><\/div>\n<\/div>\n\n\n\n<div class=\"wp-block-group alignfull has-ast-global-color-5-background-color has-background is-layout-constrained wp-container-core-group-is-layout-94d206d0 wp-block-group-is-layout-constrained\" id=\"about\" style=\"padding-top:143px;padding-bottom:144px\">\n<div class=\"wp-block-media-text has-media-on-the-right is-stacked-on-mobile is-vertically-aligned-center\"><div class=\"wp-block-media-text__content\">\n<div class=\"inherit-container-width wp-block-group is-layout-constrained wp-container-core-group-is-layout-47ce07ec wp-block-group-is-layout-constrained\" style=\"padding-right:80px\">\n<h2 class=\"wp-block-heading\" style=\"padding-right:40px\">Um\u00f3w wizyt\u0119<\/h2>\n\n\n\n<p>Skorzystaj z wygodnej <strong>rezerwacji wizyt online<\/strong> i wybierz dogodny termin u jednego z naszych specjalist\u00f3w w Prze\u017amierowie lub online. <br>Oferujemy szybkie terminy na <strong>konsultacje psychologiczne, logopedyczne, neurologopedyczne, dietetyczne oraz diagnozy<\/strong>, zapewniaj\u0105c pe\u0142n\u0105 dyskrecj\u0119 i profesjonalne wsparcie dla Twojej rodziny.<\/p>\n<\/div>\n<\/div><figure class=\"wp-block-media-text__media\"><img loading=\"lazy\" decoding=\"async\" width=\"1024\" height=\"856\" src=\"http:\/\/centrumbaza.info\/wp-content\/uploads\/2026\/01\/Image1-1024x856.png\" alt=\"Centrum Baza\n\" class=\"wp-image-30 size-full\" srcset=\"https:\/\/centrumbaza.info\/wp-content\/uploads\/2026\/01\/Image1-1024x856.png 1024w, https:\/\/centrumbaza.info\/wp-content\/uploads\/2026\/01\/Image1-300x251.png 300w, https:\/\/centrumbaza.info\/wp-content\/uploads\/2026\/01\/Image1-768x642.png 768w, https:\/\/centrumbaza.info\/wp-content\/uploads\/2026\/01\/Image1-1536x1284.png 1536w, https:\/\/centrumbaza.info\/wp-content\/uploads\/2026\/01\/Image1-2048x1712.png 2048w\" sizes=\"auto, (max-width: 1024px) 100vw, 1024px\" \/><\/figure><\/div>\n\n\n\n<p><strong><script type=\"text\/javascript\">\nif(bookero_config == undefined){\n    var bookero_config = [];\n}\nvar bookero_instance_config = {\n    id: 'QHDBp8Ssvde2',\n    container: 'bookero_69f2b09b93231',\n    type: 'calendar',\n    position: '',\n    plugin_css: true,\n    lang: 'pl',\n    custom_config: {}\n};\nbookero_config.push(bookero_instance_config);\n<\/script><div id=\"bookero_69f2b09b93231\"><\/div><\/strong><\/p>\n<\/div>\n\n\n\n<figure class=\"wp-block-image alignwide size-large\"><img loading=\"lazy\" decoding=\"async\" width=\"1024\" height=\"461\" src=\"http:\/\/centrumbaza.info\/wp-content\/uploads\/2026\/03\/Tlo-Baza-Przezmierowo-1024x461.png\" alt=\"\" class=\"wp-image-72\" srcset=\"https:\/\/centrumbaza.info\/wp-content\/uploads\/2026\/03\/Tlo-Baza-Przezmierowo-1024x461.png 1024w, https:\/\/centrumbaza.info\/wp-content\/uploads\/2026\/03\/Tlo-Baza-Przezmierowo-300x135.png 300w, https:\/\/centrumbaza.info\/wp-content\/uploads\/2026\/03\/Tlo-Baza-Przezmierowo-768x346.png 768w, https:\/\/centrumbaza.info\/wp-content\/uploads\/2026\/03\/Tlo-Baza-Przezmierowo.png 1537w\" sizes=\"auto, (max-width: 1024px) 100vw, 1024px\" \/><\/figure>\n\n\n\n<p id=\"block-985be015-3f94-40ac-834b-3ee4854f58c5\"><strong>Kontakt:<\/strong><\/p>\n\n\n\n<p id=\"block-985be015-3f94-40ac-834b-3ee4854f58c5\"><strong>Centrum Diagnozy i Wsparcia Baza<\/strong><br>Ul. Ogrodowa 16a, 62-081 Prze\u017amierowo (Pi\u0119tro 1)<br><strong>Tel.: <\/strong>455-408-859<\/p>\n\n\n\n<p id=\"block-985be015-3f94-40ac-834b-3ee4854f58c5\"><strong>Godziny otwarcia gabinet\u00f3w:<\/strong><\/p>\n\n\n\n<p>Poniedzia\u0142ek &#8211; Pi\u0105tek 8:00 &#8211; 20:00<\/p>\n\n\n\n<p><strong>Przy Centrum znajduje si\u0119 du\u017cy, bezp\u0142atny parking.<\/strong><\/p>\n\n\n\n<p><strong>Godziny rejestracji telefonicznej:<\/strong><\/p>\n\n\n\n<p>Poniedzia\u0142ek &#8211; Pi\u0105tek 8:00 &#8211; 17:00<\/p>\n\n\n\n<div style=\"max-width:100%;list-style:none; transition: none;overflow:hidden;width:1000px;height:500px;margin:0 auto;\"><div id=\"google-maps-canvas\" style=\"height:100%; width:100%;max-width:100%;\"><iframe style=\"height:100%;width:100%;border:0;\" frameborder=\"0\" src=\"https:\/\/www.google.com\/maps\/embed\/v1\/place?q=Ogrodowa+16a,+Prze\u017amierowo,+Polska&#038;key=AIzaSyBFw0Qbyq9zTFTd-tUY6dZWTgaQzuU17R8\"><\/iframe><\/div><a class=\"googlemaps-made\" rel=\"nofollow\" href=\"https:\/\/www.bootstrapskins.com\/themes\" id=\"get-data-for-map\">premium bootstrap themes<\/a><style>#google-maps-canvas img{max-width:none!important;background:none!important;font-size: inherit;font-weight:inherit;}<\/style><\/div>\n\n\n\n<p><\/p>\n","protected":false},"excerpt":{"rendered":"<p>Psycholog dzieci i m\u0142odzie\u017cy Wspieramy m\u0142odych ludzi w radzeniu sobie z trudno\u015bciami emocjonalnymi, l\u0119kami i wyzwaniami. Nasz psycholog dzieci\u0119cy to [&hellip;]<\/p>\n","protected":false},"author":1,"featured_media":0,"parent":0,"menu_order":0,"comment_status":"closed","ping_status":"closed","template":"","meta":{"site-sidebar-layout":"no-sidebar","site-content-layout":"plain-container","ast-site-content-layout":"default","site-content-style":"default","site-sidebar-style":"default","ast-global-header-display":"","ast-banner-title-visibility":"","ast-main-header-display":"","ast-hfb-above-header-display":"","ast-hfb-below-header-display":"","ast-hfb-mobile-header-display":"","site-post-title":"disabled","ast-breadcrumbs-content":"","ast-featured-img":"","footer-sml-layout":"","ast-disable-related-posts":"","theme-transparent-header-meta":"enabled","adv-header-id-meta":"","stick-header-meta":"","header-above-stick-meta":"","header-main-stick-meta":"","header-below-stick-meta":"","astra-migrate-meta-layouts":"default","ast-page-background-enabled":"default","ast-page-background-meta":{"desktop":{"background-color":"var(--ast-global-color-5)","background-image":"","background-repeat":"repeat","background-position":"center center","background-size":"auto","background-attachment":"scroll","background-type":"","background-media":"","overlay-type":"","overlay-color":"","overlay-opacity":"","overlay-gradient":""},"tablet":{"background-color":"","background-image":"","background-repeat":"repeat","background-position":"center center","background-size":"auto","background-attachment":"scroll","background-type":"","background-media":"","overlay-type":"","overlay-color":"","overlay-opacity":"","overlay-gradient":""},"mobile":{"background-color":"","background-image":"","background-repeat":"repeat","background-position":"center center","background-size":"auto","background-attachment":"scroll","background-type":"","background-media":"","overlay-type":"","overlay-color":"","overlay-opacity":"","overlay-gradient":""}},"ast-content-background-meta":{"desktop":{"background-color":"var(--ast-global-color-4)","background-image":"","background-repeat":"repeat","background-position":"center center","background-size":"auto","background-attachment":"scroll","background-type":"","background-media":"","overlay-type":"","overlay-color":"","overlay-opacity":"","overlay-gradient":""},"tablet":{"background-color":"var(--ast-global-color-4)","background-image":"","background-repeat":"repeat","background-position":"center center","background-size":"auto","background-attachment":"scroll","background-type":"","background-media":"","overlay-type":"","overlay-color":"","overlay-opacity":"","overlay-gradient":""},"mobile":{"background-color":"var(--ast-global-color-4)","background-image":"","background-repeat":"repeat","background-position":"center center","background-size":"auto","background-attachment":"scroll","background-type":"","background-media":"","overlay-type":"","overlay-color":"","overlay-opacity":"","overlay-gradient":""}},"footnotes":""},"class_list":["post-7","page","type-page","status-publish","hentry"],"_links":{"self":[{"href":"https:\/\/centrumbaza.info\/index.php\/wp-json\/wp\/v2\/pages\/7","targetHints":{"allow":["GET"]}}],"collection":[{"href":"https:\/\/centrumbaza.info\/index.php\/wp-json\/wp\/v2\/pages"}],"about":[{"href":"https:\/\/centrumbaza.info\/index.php\/wp-json\/wp\/v2\/types\/page"}],"author":[{"embeddable":true,"href":"https:\/\/centrumbaza.info\/index.php\/wp-json\/wp\/v2\/users\/1"}],"replies":[{"embeddable":true,"href":"https:\/\/centrumbaza.info\/index.php\/wp-json\/wp\/v2\/comments?post=7"}],"version-history":[{"count":28,"href":"https:\/\/centrumbaza.info\/index.php\/wp-json\/wp\/v2\/pages\/7\/revisions"}],"predecessor-version":[{"id":114,"href":"https:\/\/centrumbaza.info\/index.php\/wp-json\/wp\/v2\/pages\/7\/revisions\/114"}],"wp:attachment":[{"href":"https:\/\/centrumbaza.info\/index.php\/wp-json\/wp\/v2\/media?parent=7"}],"curies":[{"name":"wp","href":"https:\/\/api.w.org\/{rel}","templated":true}]}}